{"id":84,"date":"2015-03-05T09:41:36","date_gmt":"2015-03-05T07:41:36","guid":{"rendered":"http:\/\/maennerchor-sirnach.ch\/?page_id=84"},"modified":"2026-03-30T16:35:17","modified_gmt":"2026-03-30T15:35:17","slug":"startseite","status":"publish","type":"page","link":"https:\/\/maennerchor-sirnach.ch\/","title":{"rendered":"Startseite"},"content":{"rendered":"<blockquote>\n<p style=\"text-align: center;\"><span style=\"font-size: 14pt;\"><strong>Willkommen beim M\u00e4nnerchor Sirnach<\/strong><\/span><\/p>\n<p><span style=\"color: #ff6600;\">Leider ist wegen \u00dcberalterung und Mitgliederschwund vorl\u00e4ufig kein geregelter Gesangsbetrieb mehr m\u00f6glich. Weshalb bis auf Weiteres auch keine Proben mehr durchgef\u00fchrt werden.<\/span><\/p>\n<p><img decoding=\"async\" loading=\"lazy\" class=\"wp-image-1440  aligncenter\" src=\"https:\/\/maennerchor-sirnach.ch\/wp-content\/uploads\/2018\/04\/DSC_8129-Kopie-300x200.jpg\" alt=\"\" width=\"747\" height=\"497\" srcset=\"https:\/\/maennerchor-sirnach.ch\/wp-content\/uploads\/2018\/04\/DSC_8129-Kopie-300x200.jpg 300w, https:\/\/maennerchor-sirnach.ch\/wp-content\/uploads\/2018\/04\/DSC_8129-Kopie-768x512.jpg 768w, https:\/\/maennerchor-sirnach.ch\/wp-content\/uploads\/2018\/04\/DSC_8129-Kopie-1024x683.jpg 1024w, https:\/\/maennerchor-sirnach.ch\/wp-content\/uploads\/2018\/04\/DSC_8129-Kopie.jpg 1280w\" sizes=\"(max-width: 747px) 100vw, 747px\" \/><\/p>\n<p>&nbsp;<\/p>\n<p>Der <strong>M\u00e4nnerchor Sirnach<\/strong>, ein Verein mit viel Tradition, wurde 1861 gegr\u00fcndet. Im Jahre 2011 feierte der M\u00e4nnerchor mit der erfolgreichen Durchf\u00fchrung des Thurgauer Kantonalgesangfestes in Sirnach sein 150 j\u00e4hriges Jubil\u00e4um.<\/p>\n<p>Wir sind aufgestellt, haben Humor, pflegen die Kameradschaft und haben ein gemeinsames Hobby, den Chorgesang. Unser Repertoire ist vielseitig und umfasst neben traditionellen M\u00e4nnerchorliedern auch geistliche Chormusik, Volkslieder sowie modernes Liedgut.<\/p>\n<p>Wichtig ist uns die Pflege des Vereinslebens und der Geselligkeit.&nbsp;<\/p>\n<p>&nbsp;<\/p>\n<p>&nbsp;<\/p>\n<p><img decoding=\"async\" loading=\"lazy\" class=\"aligncenter wp-image-1905 size-full\" src=\"https:\/\/maennerchor-sirnach.ch\/wp-content\/uploads\/2026\/03\/visitenkarte_mfischer.jpg\" alt=\"\" width=\"400\" height=\"267\" srcset=\"https:\/\/maennerchor-sirnach.ch\/wp-content\/uploads\/2026\/03\/visitenkarte_mfischer.jpg 400w, https:\/\/maennerchor-sirnach.ch\/wp-content\/uploads\/2026\/03\/visitenkarte_mfischer-300x200.jpg 300w\" sizes=\"(max-width: 400px) 100vw, 400px\" \/><\/p>\n<p>&nbsp;<\/p>\n<p><strong>Kontaktadresse:<\/strong><br \/>\nTelefon: 079 734 25 87 \/ <a href=\"mailto:vorstand@maennerchor-sirnach.ch\">vorstand@maennerchor-sirnach.ch<\/a><\/p>\n<p>&nbsp;<\/p>\n<p>&nbsp;<\/p>\n<p>&nbsp;<\/p>\n<p>&nbsp;<\/p><\/blockquote>\n","protected":false},"excerpt":{"rendered":"<p>Willkommen beim M\u00e4nnerchor Sirnach Leider ist wegen \u00dcberalterung und Mitgliederschwund vorl\u00e4ufig kein geregelter Gesangsbetrieb mehr m\u00f6glich. Weshalb bis auf Weiteres auch keine Proben mehr durchgef\u00fchrt werden. &nbsp; Der M\u00e4nnerchor Sirnach, ein Verein mit viel Tradition, wurde 1861 gegr\u00fcndet. Im Jahre&hellip; <br \/><a class=\"read-more-button\" href=\"https:\/\/maennerchor-sirnach.ch\/\">Mehr Lesen<\/a><\/p>\n","protected":false},"author":1,"featured_media":0,"parent":0,"menu_order":0,"comment_status":"closed","ping_status":"open","template":"template-full-width.php","meta":{"ngg_post_thumbnail":0},"_links":{"self":[{"href":"https:\/\/maennerchor-sirnach.ch\/index.php?rest_route=\/wp\/v2\/pages\/84"}],"collection":[{"href":"https:\/\/maennerchor-sirnach.ch\/index.php?rest_route=\/wp\/v2\/pages"}],"about":[{"href":"https:\/\/maennerchor-sirnach.ch\/index.php?rest_route=\/wp\/v2\/types\/page"}],"author":[{"embeddable":true,"href":"https:\/\/maennerchor-sirnach.ch\/index.php?rest_route=\/wp\/v2\/users\/1"}],"replies":[{"embeddable":true,"href":"https:\/\/maennerchor-sirnach.ch\/index.php?rest_route=%2Fwp%2Fv2%2Fcomments&post=84"}],"version-history":[{"count":55,"href":"https:\/\/maennerchor-sirnach.ch\/index.php?rest_route=\/wp\/v2\/pages\/84\/revisions"}],"predecessor-version":[{"id":1906,"href":"https:\/\/maennerchor-sirnach.ch\/index.php?rest_route=\/wp\/v2\/pages\/84\/revisions\/1906"}],"wp:attachment":[{"href":"https:\/\/maennerchor-sirnach.ch\/index.php?rest_route=%2Fwp%2Fv2%2Fmedia&parent=84"}],"curies":[{"name":"wp","href":"https:\/\/api.w.org\/{rel}","templated":true}]}}