{"id":23,"date":"2015-02-01T11:55:24","date_gmt":"2015-02-01T09:55:24","guid":{"rendered":"http:\/\/maennerchor-sirnach.ch\/?page_id=23"},"modified":"2025-08-20T08:36:03","modified_gmt":"2025-08-20T07:36:03","slug":"operette-sirnach","status":"publish","type":"page","link":"https:\/\/maennerchor-sirnach.ch\/?page_id=23","title":{"rendered":"Operette Sirnach"},"content":{"rendered":"\n<p><strong>Der M\u00e4nnerchor Sirnach ist der Gr\u00fcnderverein der &#8220;Operette Sirnach&#8221;. Alle&nbsp;Mitglieder des M\u00e4nnerchors sind auch Mitglieder der &#8220;Operette Sirnach&#8221; und aktiv in den Produktionen beteiligt.<\/strong><\/p>\n<p><strong>Operettensaison 2025!<\/strong><br \/>Die Operette Sirnach f\u00fchrte in der Spielsaision 2025 mit dem St\u00fcck \u00abHello Dolly\u00bb den etwas moderneren und frischeren Weg fort, welcher bereits erfolgreich mit \u00abIm weissen R\u00f6ssl\u00bb eingeschlagen wurde.<\/p>\n\n\n<p style=\"text-align: center;\"><a title=\"Operette-Sirnach.ch\" href=\"https:\/\/operette-sirnach.ch\" target=\"_blank\" rel=\"noopener noreferrer\">https:\/\/operette-sirnach.ch<\/a><\/p>\n<p><strong>Eindruck aus der Spielsaison 2025 mit dem St\u00fcck &#8220;Hello Dolly&#8221;.<\/strong><\/p>\n<p><img decoding=\"async\" loading=\"lazy\" class=\"aligncenter size-full wp-image-1880\" src=\"https:\/\/maennerchor-sirnach.ch\/wp-content\/uploads\/2025\/08\/Hello-Dolly-screen.png\" alt=\"\" width=\"1152\" height=\"807\" srcset=\"https:\/\/maennerchor-sirnach.ch\/wp-content\/uploads\/2025\/08\/Hello-Dolly-screen.png 1152w, https:\/\/maennerchor-sirnach.ch\/wp-content\/uploads\/2025\/08\/Hello-Dolly-screen-300x210.png 300w, https:\/\/maennerchor-sirnach.ch\/wp-content\/uploads\/2025\/08\/Hello-Dolly-screen-1024x717.png 1024w, https:\/\/maennerchor-sirnach.ch\/wp-content\/uploads\/2025\/08\/Hello-Dolly-screen-768x538.png 768w\" sizes=\"(max-width: 1152px) 100vw, 1152px\" \/><\/p>\n<p>&nbsp;<\/p>\n<p><strong>Eindruck aus der Spielsaison 2022 mit Im weissen R\u00f6ssl<\/strong><\/p>\n<p><img decoding=\"async\" loading=\"lazy\" class=\"aligncenter size-full wp-image-1835\" src=\"https:\/\/maennerchor-sirnach.ch\/wp-content\/uploads\/2023\/09\/Screenshot-im-weissen-Roessel.jpg\" alt=\"\" width=\"1323\" height=\"863\" srcset=\"https:\/\/maennerchor-sirnach.ch\/wp-content\/uploads\/2023\/09\/Screenshot-im-weissen-Roessel.jpg 1323w, https:\/\/maennerchor-sirnach.ch\/wp-content\/uploads\/2023\/09\/Screenshot-im-weissen-Roessel-300x196.jpg 300w, https:\/\/maennerchor-sirnach.ch\/wp-content\/uploads\/2023\/09\/Screenshot-im-weissen-Roessel-1024x668.jpg 1024w, https:\/\/maennerchor-sirnach.ch\/wp-content\/uploads\/2023\/09\/Screenshot-im-weissen-Roessel-768x501.jpg 768w, https:\/\/maennerchor-sirnach.ch\/wp-content\/uploads\/2023\/09\/Screenshot-im-weissen-Roessel-1170x763.jpg 1170w\" sizes=\"(max-width: 1323px) 100vw, 1323px\" \/><\/p>","protected":false},"excerpt":{"rendered":"<p>Der M\u00e4nnerchor Sirnach ist der Gr\u00fcnderverein der &#8220;Operette Sirnach&#8221;. Alle&nbsp;Mitglieder des M\u00e4nnerchors sind auch Mitglieder der &#8220;Operette Sirnach&#8221; und aktiv in den Produktionen beteiligt. Operettensaison 2025!Die Operette Sirnach f\u00fchrte in der Spielsaision 2025 mit dem St\u00fcck \u00abHello Dolly\u00bb den etwas&hellip; <br \/><a class=\"read-more-button\" href=\"https:\/\/maennerchor-sirnach.ch\/?page_id=23\">Mehr Lesen<\/a><\/p>\n","protected":false},"author":1,"featured_media":0,"parent":0,"menu_order":0,"comment_status":"closed","ping_status":"open","template":"template-full-width.php","meta":{"ngg_post_thumbnail":0},"_links":{"self":[{"href":"https:\/\/maennerchor-sirnach.ch\/index.php?rest_route=\/wp\/v2\/pages\/23"}],"collection":[{"href":"https:\/\/maennerchor-sirnach.ch\/index.php?rest_route=\/wp\/v2\/pages"}],"about":[{"href":"https:\/\/maennerchor-sirnach.ch\/index.php?rest_route=\/wp\/v2\/types\/page"}],"author":[{"embeddable":true,"href":"https:\/\/maennerchor-sirnach.ch\/index.php?rest_route=\/wp\/v2\/users\/1"}],"replies":[{"embeddable":true,"href":"https:\/\/maennerchor-sirnach.ch\/index.php?rest_route=%2Fwp%2Fv2%2Fcomments&post=23"}],"version-history":[{"count":38,"href":"https:\/\/maennerchor-sirnach.ch\/index.php?rest_route=\/wp\/v2\/pages\/23\/revisions"}],"predecessor-version":[{"id":1882,"href":"https:\/\/maennerchor-sirnach.ch\/index.php?rest_route=\/wp\/v2\/pages\/23\/revisions\/1882"}],"wp:attachment":[{"href":"https:\/\/maennerchor-sirnach.ch\/index.php?rest_route=%2Fwp%2Fv2%2Fmedia&parent=23"}],"curies":[{"name":"wp","href":"https:\/\/api.w.org\/{rel}","templated":true}]}}